{"id":1349,"date":"2025-06-09T15:14:50","date_gmt":"2025-06-09T13:14:50","guid":{"rendered":"https:\/\/dolcevita83.fr\/?page_id=1349"},"modified":"2025-06-20T14:26:10","modified_gmt":"2025-06-20T12:26:10","slug":"legal-notice","status":"publish","type":"page","link":"https:\/\/dolcevita83.fr\/en\/legal-notice\/","title":{"rendered":"Terms of use"},"content":{"rendered":"<div data-elementor-type=\"wp-page\" data-elementor-id=\"1349\" class=\"elementor elementor-1349\" data-elementor-post-type=\"page\">\n\t\t\t\t<div class=\"elementor-element elementor-element-35b8dd8 e-flex e-con-boxed wpr-particle-no wpr-jarallax-no wpr-parallax-no wpr-sticky-section-no e-con e-parent\" data-id=\"35b8dd8\" data-element_type=\"container\" data-settings=\"{&quot;background_background&quot;:&quot;classic&quot;}\">\n\t\t\t\t\t<div class=\"e-con-inner\">\n\t\t\t\t<div class=\"elementor-element elementor-element-502edbd elementor-widget elementor-widget-heading\" data-id=\"502edbd\" data-element_type=\"widget\" data-widget_type=\"heading.default\">\n\t\t\t\t<div class=\"elementor-widget-container\">\n\t\t\t\t\t<h2 class=\"elementor-heading-title elementor-size-default\">Terms of use<\/h2>\t\t\t\t<\/div>\n\t\t\t\t<\/div>\n\t\t\t\t\t<\/div>\n\t\t\t\t<\/div>\n\t\t<div class=\"elementor-element elementor-element-b87b1d3 e-flex e-con-boxed wpr-particle-no wpr-jarallax-no wpr-parallax-no wpr-sticky-section-no e-con e-parent\" data-id=\"b87b1d3\" data-element_type=\"container\">\n\t\t\t\t\t<div class=\"e-con-inner\">\n\t\t\t\t<div class=\"elementor-element elementor-element-1bfb8fa elementor-widget elementor-widget-text-editor\" data-id=\"1bfb8fa\" data-element_type=\"widget\" data-widget_type=\"text-editor.default\">\n\t\t\t\t<div class=\"elementor-widget-container\">\n\t\t\t\t\t\t\t\t\t<p>Dolcevita83.fr is published by DOLCE VITA.<\/p><p><strong>DOLCE VITA<\/strong><br \/>529 AVENUE MARECHAL LYAUTEY, 83240 CAVALAIRE-SUR-MER, FRANCE<br \/>Tel.: 06 95 60 88 76 <br \/>E-mail: dolcevita.cavalaire@gmail.com<\/p><p>SIRET n\u00b0 94180541800014<br \/>941 805 418 R.C.S. Frejus<\/p><p>Director of Publication :<br \/>Gillard Arnaud<\/p><p><strong>WEBMASTER<br \/><\/strong>This site is hosted by :<br \/><strong>Hostinger<br \/><\/strong>HOSTINGER operations, UAB<br \/>\u0160vitrigailos str. 34, Vilnius 03230 Lithuania<\/p><p><strong>CONFIDENTIALITY AND DATA PROTECTION<br \/><\/strong>In accordance with the French Data Protection Act of 06 January 1978, you may modify or delete your registration details at any time. As this information is confidential, DOLCE VITA undertakes to protect it.<\/p><p>You have the right to access, modify, rectify and delete data concerning you (art. 34 of the French Data Protection Act). You can exercise this right directly on the sites concerned, or by contacting us:<\/p><p><strong>DOLCE VITA<br \/><\/strong>529 AVENUE MARECHAL LYAUTEY, 83240 CAVALAIRE-SUR-MER, FRANCE<br \/>Tel.: 06 95 60 88 76 <br \/>E-mail: dolcevita.cavalaire@gmail.com<\/p>\t\t\t\t\t\t\t\t<\/div>\n\t\t\t\t<\/div>\n\t\t\t\t\t<\/div>\n\t\t\t\t<\/div>\n\t\t\t\t<\/div>","protected":false},"excerpt":{"rendered":"<p>Legal information Dolcevita83.fr is published by DOLCE VITA. DOLCE VITA529 AVENUE MARECHAL LYAUTEY, 83240 CAVALAIRE-SUR-MERT\u00e9l. : 06 95 60 88 76 E-mail : dolcevita.cavalaire@gmail.com SIRET n\u00b0 94180541800014941 805 418 R.C.S. Frejus Directeur de la Publication :Gillard Arnaud HEBERGEURThis site is hosted by :HostingerHOSTINGER operations, UAB\u0160vitrigailos str. 34, Vilnius 03230 Lithuania CONFIDENTIALITY AND DATA PROTECTIONIn accordance with the French Data Protection Act of January 06 1978, you may modify or delete your registration details at any time. As this information is confidential, DOLCE VITA undertakes to protect it. You have the right to access, modify, rectify and delete data concerning you (art. 34 of the French Data Protection Act). You can exercise this right directly on the sites concerned or by contacting us: DOLCE VITA529 AVENUE MARECHAL LYAUTEY, 83240 CAVALAIRE-SUR-MERT Tel: 06 95 60 88 76 E-mail: dolcevita.cavalaire@gmail.com<\/p>","protected":false},"author":1,"featured_media":0,"parent":0,"menu_order":0,"comment_status":"closed","ping_status":"closed","template":"","meta":{"site-sidebar-layout":"no-sidebar","site-content-layout":"","ast-site-content-layout":"full-width-container","site-content-style":"default","site-sidebar-style":"default","ast-global-header-display":"","ast-banner-title-visibility":"","ast-main-header-display":"","ast-hfb-above-header-display":"","ast-hfb-below-header-display":"","ast-hfb-mobile-header-display":"","site-post-title":"disabled","ast-breadcrumbs-content":"","ast-featured-img":"disabled","footer-sml-layout":"","theme-transparent-header-meta":"","adv-header-id-meta":"","stick-header-meta":"","header-above-stick-meta":"","header-main-stick-meta":"","header-below-stick-meta":"","astra-migrate-meta-layouts":"default","ast-page-background-enabled":"default","ast-page-background-meta":{"desktop":{"background-color":"var(--ast-global-color-5)","background-image":"","background-repeat":"repeat","background-position":"center center","background-size":"auto","background-attachment":"scroll","background-type":"","background-media":"","overlay-type":"","overlay-color":"","overlay-opacity":"","overlay-gradient":""},"tablet":{"background-color":"","background-image":"","background-repeat":"repeat","background-position":"center center","background-size":"auto","background-attachment":"scroll","background-type":"","background-media":"","overlay-type":"","overlay-color":"","overlay-opacity":"","overlay-gradient":""},"mobile":{"background-color":"","background-image":"","background-repeat":"repeat","background-position":"center center","background-size":"auto","background-attachment":"scroll","background-type":"","background-media":"","overlay-type":"","overlay-color":"","overlay-opacity":"","overlay-gradient":""}},"ast-content-background-meta":{"desktop":{"background-color":"var(--ast-global-color-4)","background-image":"","background-repeat":"repeat","background-position":"center center","background-size":"auto","background-attachment":"scroll","background-type":"","background-media":"","overlay-type":"","overlay-color":"","overlay-opacity":"","overlay-gradient":""},"tablet":{"background-color":"var(--ast-global-color-4)","background-image":"","background-repeat":"repeat","background-position":"center center","background-size":"auto","background-attachment":"scroll","background-type":"","background-media":"","overlay-type":"","overlay-color":"","overlay-opacity":"","overlay-gradient":""},"mobile":{"background-color":"var(--ast-global-color-4)","background-image":"","background-repeat":"repeat","background-position":"center center","background-size":"auto","background-attachment":"scroll","background-type":"","background-media":"","overlay-type":"","overlay-color":"","overlay-opacity":"","overlay-gradient":""}},"footnotes":""},"class_list":["post-1349","page","type-page","status-publish","hentry"],"yoast_head":"<!-- This site is optimized with the Yoast SEO plugin v25.8 - https:\/\/yoast.com\/wordpress\/plugins\/seo\/ -->\n<title>Mentions l\u00e9gales - Dolce Vita<\/title>\n<meta name=\"robots\" content=\"noindex, nofollow\" \/>\n<meta property=\"og:locale\" content=\"en_US\" \/>\n<meta property=\"og:type\" content=\"article\" \/>\n<meta property=\"og:title\" content=\"Mentions l\u00e9gales - Dolce Vita\" \/>\n<meta property=\"og:description\" content=\"Mentions l\u00e9gales Dolcevita83.fr est \u00e9dit\u00e9 par la soci\u00e9t\u00e9 DOLCE VITA. DOLCE VITA529 AVENUE MARECHAL LYAUTEY, 83240 CAVALAIRE-SUR-MERT\u00e9l. : 06 95 60 88 76 E-mail : dolcevita.cavalaire@gmail.com SIRET n\u00b0 94180541800014941 805 418 R.C.S. Frejus Directeur de la Publication :Gillard Arnaud HEBERGEURCe site est h\u00e9berg\u00e9 par :HostingerHOSTINGER operations, UAB\u0160vitrigailos str. 34, Vilnius 03230 Lithuania CONFIDENTIALITE ET PROTECTION DES DONNEESConform\u00e9ment \u00e0 la loi informatique et libert\u00e9s du 06 janvier 1978, vous pouvez \u00e0 tout moment modifier ou supprimer les renseignements li\u00e9s \u00e0 votre inscription. Ces informations vous concernant \u00e9tant confidentielles,\u00a0DOLCE VITA s\u2019engage \u00e0 les prot\u00e9ger. Vous disposez d\u2019un droit d\u2019acc\u00e8s, de modification, de rectification et de suppression des donn\u00e9es qui vous concernent (art. 34 de la loi \u00ab\u00a0Informatique et Libert\u00e9s\u00a0\u00bb). Vous pouvez exercer ce droit directement sur les sites concern\u00e9s ou en nous contactant : DOLCE VITA529 AVENUE MARECHAL LYAUTEY, 83240 CAVALAIRE-SUR-MERT\u00e9l. : 06 95 60 88 76 E-mail : dolcevita.cavalaire@gmail.com\" \/>\n<meta property=\"og:url\" content=\"https:\/\/dolcevita83.fr\/en\/legal-notice\/\" \/>\n<meta property=\"og:site_name\" content=\"Dolce Vita\" \/>\n<meta property=\"article:modified_time\" content=\"2025-06-20T12:26:10+00:00\" \/>\n<meta name=\"twitter:card\" content=\"summary_large_image\" \/>\n<meta name=\"twitter:label1\" content=\"Est. reading time\" \/>\n\t<meta name=\"twitter:data1\" content=\"1 minute\" \/>\n<script type=\"application\/ld+json\" class=\"yoast-schema-graph\">{\"@context\":\"https:\/\/schema.org\",\"@graph\":[{\"@type\":\"WebPage\",\"@id\":\"https:\/\/dolcevita83.fr\/mentions-legales\/\",\"url\":\"https:\/\/dolcevita83.fr\/mentions-legales\/\",\"name\":\"Mentions l\u00e9gales - Dolce Vita\",\"isPartOf\":{\"@id\":\"https:\/\/dolcevita83.fr\/#website\"},\"datePublished\":\"2025-06-09T13:14:50+00:00\",\"dateModified\":\"2025-06-20T12:26:10+00:00\",\"breadcrumb\":{\"@id\":\"https:\/\/dolcevita83.fr\/mentions-legales\/#breadcrumb\"},\"inLanguage\":\"en-US\",\"potentialAction\":[{\"@type\":\"ReadAction\",\"target\":[\"https:\/\/dolcevita83.fr\/mentions-legales\/\"]}]},{\"@type\":\"BreadcrumbList\",\"@id\":\"https:\/\/dolcevita83.fr\/mentions-legales\/#breadcrumb\",\"itemListElement\":[{\"@type\":\"ListItem\",\"position\":1,\"name\":\"Accueil\",\"item\":\"https:\/\/dolcevita83.fr\/\"},{\"@type\":\"ListItem\",\"position\":2,\"name\":\"Mentions l\u00e9gales\"}]},{\"@type\":\"WebSite\",\"@id\":\"https:\/\/dolcevita83.fr\/#website\",\"url\":\"https:\/\/dolcevita83.fr\/\",\"name\":\"Dolce Vita\",\"description\":\"Retour vers la nature\",\"publisher\":{\"@id\":\"https:\/\/dolcevita83.fr\/#organization\"},\"potentialAction\":[{\"@type\":\"SearchAction\",\"target\":{\"@type\":\"EntryPoint\",\"urlTemplate\":\"https:\/\/dolcevita83.fr\/?s={search_term_string}\"},\"query-input\":{\"@type\":\"PropertyValueSpecification\",\"valueRequired\":true,\"valueName\":\"search_term_string\"}}],\"inLanguage\":\"en-US\"},{\"@type\":\"Organization\",\"@id\":\"https:\/\/dolcevita83.fr\/#organization\",\"name\":\"Dolce Vita\",\"url\":\"https:\/\/dolcevita83.fr\/\",\"logo\":{\"@type\":\"ImageObject\",\"inLanguage\":\"en-US\",\"@id\":\"https:\/\/dolcevita83.fr\/#\/schema\/logo\/image\/\",\"url\":\"https:\/\/dolcevita83.fr\/wp-content\/uploads\/2025\/05\/cropped-logo-dolce-vita-sans-fond-1.png\",\"contentUrl\":\"https:\/\/dolcevita83.fr\/wp-content\/uploads\/2025\/05\/cropped-logo-dolce-vita-sans-fond-1.png\",\"width\":999,\"height\":900,\"caption\":\"Dolce Vita\"},\"image\":{\"@id\":\"https:\/\/dolcevita83.fr\/#\/schema\/logo\/image\/\"}}]}<\/script>\n<!-- \/ Yoast SEO plugin. -->","yoast_head_json":{"title":"Legal information - Dolce Vita","robots":{"index":"noindex","follow":"nofollow"},"og_locale":"en_US","og_type":"article","og_title":"Mentions l\u00e9gales - Dolce Vita","og_description":"Mentions l\u00e9gales Dolcevita83.fr est \u00e9dit\u00e9 par la soci\u00e9t\u00e9 DOLCE VITA. DOLCE VITA529 AVENUE MARECHAL LYAUTEY, 83240 CAVALAIRE-SUR-MERT\u00e9l. : 06 95 60 88 76 E-mail : dolcevita.cavalaire@gmail.com SIRET n\u00b0 94180541800014941 805 418 R.C.S. Frejus Directeur de la Publication :Gillard Arnaud HEBERGEURCe site est h\u00e9berg\u00e9 par :HostingerHOSTINGER operations, UAB\u0160vitrigailos str. 34, Vilnius 03230 Lithuania CONFIDENTIALITE ET PROTECTION DES DONNEESConform\u00e9ment \u00e0 la loi informatique et libert\u00e9s du 06 janvier 1978, vous pouvez \u00e0 tout moment modifier ou supprimer les renseignements li\u00e9s \u00e0 votre inscription. Ces informations vous concernant \u00e9tant confidentielles,\u00a0DOLCE VITA s\u2019engage \u00e0 les prot\u00e9ger. Vous disposez d\u2019un droit d\u2019acc\u00e8s, de modification, de rectification et de suppression des donn\u00e9es qui vous concernent (art. 34 de la loi \u00ab\u00a0Informatique et Libert\u00e9s\u00a0\u00bb). Vous pouvez exercer ce droit directement sur les sites concern\u00e9s ou en nous contactant : DOLCE VITA529 AVENUE MARECHAL LYAUTEY, 83240 CAVALAIRE-SUR-MERT\u00e9l. : 06 95 60 88 76 E-mail : dolcevita.cavalaire@gmail.com","og_url":"https:\/\/dolcevita83.fr\/en\/legal-notice\/","og_site_name":"Dolce Vita","article_modified_time":"2025-06-20T12:26:10+00:00","twitter_card":"summary_large_image","twitter_misc":{"Est. reading time":"1 minute"},"schema":{"@context":"https:\/\/schema.org","@graph":[{"@type":"WebPage","@id":"https:\/\/dolcevita83.fr\/mentions-legales\/","url":"https:\/\/dolcevita83.fr\/mentions-legales\/","name":"Legal information - Dolce Vita","isPartOf":{"@id":"https:\/\/dolcevita83.fr\/#website"},"datePublished":"2025-06-09T13:14:50+00:00","dateModified":"2025-06-20T12:26:10+00:00","breadcrumb":{"@id":"https:\/\/dolcevita83.fr\/mentions-legales\/#breadcrumb"},"inLanguage":"en-US","potentialAction":[{"@type":"ReadAction","target":["https:\/\/dolcevita83.fr\/mentions-legales\/"]}]},{"@type":"BreadcrumbList","@id":"https:\/\/dolcevita83.fr\/mentions-legales\/#breadcrumb","itemListElement":[{"@type":"ListItem","position":1,"name":"Accueil","item":"https:\/\/dolcevita83.fr\/"},{"@type":"ListItem","position":2,"name":"Mentions l\u00e9gales"}]},{"@type":"WebSite","@id":"https:\/\/dolcevita83.fr\/#website","url":"https:\/\/dolcevita83.fr\/","name":"Dolce Vita","description":"Back to nature","publisher":{"@id":"https:\/\/dolcevita83.fr\/#organization"},"potentialAction":[{"@type":"SearchAction","target":{"@type":"EntryPoint","urlTemplate":"https:\/\/dolcevita83.fr\/?s={search_term_string}"},"query-input":{"@type":"PropertyValueSpecification","valueRequired":true,"valueName":"search_term_string"}}],"inLanguage":"en-US"},{"@type":"Organization","@id":"https:\/\/dolcevita83.fr\/#organization","name":"Dolce Vita","url":"https:\/\/dolcevita83.fr\/","logo":{"@type":"ImageObject","inLanguage":"en-US","@id":"https:\/\/dolcevita83.fr\/#\/schema\/logo\/image\/","url":"https:\/\/dolcevita83.fr\/wp-content\/uploads\/2025\/05\/cropped-logo-dolce-vita-sans-fond-1.png","contentUrl":"https:\/\/dolcevita83.fr\/wp-content\/uploads\/2025\/05\/cropped-logo-dolce-vita-sans-fond-1.png","width":999,"height":900,"caption":"Dolce Vita"},"image":{"@id":"https:\/\/dolcevita83.fr\/#\/schema\/logo\/image\/"}}]}},"_links":{"self":[{"href":"https:\/\/dolcevita83.fr\/en\/wp-json\/wp\/v2\/pages\/1349","targetHints":{"allow":["GET"]}}],"collection":[{"href":"https:\/\/dolcevita83.fr\/en\/wp-json\/wp\/v2\/pages"}],"about":[{"href":"https:\/\/dolcevita83.fr\/en\/wp-json\/wp\/v2\/types\/page"}],"author":[{"embeddable":true,"href":"https:\/\/dolcevita83.fr\/en\/wp-json\/wp\/v2\/users\/1"}],"replies":[{"embeddable":true,"href":"https:\/\/dolcevita83.fr\/en\/wp-json\/wp\/v2\/comments?post=1349"}],"version-history":[{"count":13,"href":"https:\/\/dolcevita83.fr\/en\/wp-json\/wp\/v2\/pages\/1349\/revisions"}],"predecessor-version":[{"id":1604,"href":"https:\/\/dolcevita83.fr\/en\/wp-json\/wp\/v2\/pages\/1349\/revisions\/1604"}],"wp:attachment":[{"href":"https:\/\/dolcevita83.fr\/en\/wp-json\/wp\/v2\/media?parent=1349"}],"curies":[{"name":"wp","href":"https:\/\/api.w.org\/{rel}","templated":true}]}}